{"id":232,"date":"2021-09-16T10:54:17","date_gmt":"2021-09-16T10:54:17","guid":{"rendered":"http:\/\/www.penzionnabarokniceste.cz\/?page_id=232"},"modified":"2021-09-16T12:45:53","modified_gmt":"2021-09-16T12:45:53","slug":"aktivity-v-okoli","status":"publish","type":"page","link":"https:\/\/www.penzionnabarokniceste.cz\/index.php\/aktivity-v-okoli\/","title":{"rendered":"Aktivity v okol\u00ed"},"content":{"rendered":"\t\t<div data-elementor-type=\"wp-page\" data-elementor-id=\"232\" class=\"elementor elementor-232\" data-elementor-settings=\"[]\">\n\t\t\t\t\t\t\t<div class=\"elementor-section-wrap\">\n\t\t\t\t\t\t\t<section class=\"elementor-section elementor-top-section elementor-element elementor-element-626425c4 elementor-section-boxed elementor-section-height-default elementor-section-height-default\" data-id=\"626425c4\" data-element_type=\"section\" data-settings=\"{&quot;background_background&quot;:&quot;classic&quot;}\">\n\t\t\t\t\t\t\t<div class=\"elementor-background-overlay\"><\/div>\n\t\t\t\t\t\t\t<div class=\"elementor-container elementor-column-gap-no\">\n\t\t\t\t\t<div class=\"elementor-column elementor-col-50 elementor-top-column elementor-element elementor-element-7c2051a3\" data-id=\"7c2051a3\" data-element_type=\"column\">\n\t\t\t<div class=\"elementor-widget-wrap elementor-element-populated\">\n\t\t\t\t\t\t\t\t<div class=\"elementor-element elementor-element-18a0066c elementor-widget elementor-widget-heading\" data-id=\"18a0066c\" data-element_type=\"widget\" data-widget_type=\"heading.default\">\n\t\t\t\t<div class=\"elementor-widget-container\">\n\t\t\t<h2 class=\"elementor-heading-title elementor-size-default\">Aktivity v okol\u00ed<\/h2>\t\t<\/div>\n\t\t\t\t<\/div>\n\t\t\t\t<div class=\"elementor-element elementor-element-8f951a0 elementor-widget elementor-widget-text-editor\" data-id=\"8f951a0\" data-element_type=\"widget\" data-widget_type=\"text-editor.default\">\n\t\t\t\t<div class=\"elementor-widget-container\">\n\t\t\t\t\t\t\t\t\t\t\t\t\t<\/div>\n\t\t\t\t<\/div>\n\t\t\t\t\t<\/div>\n\t\t<\/div>\n\t\t\t\t<div class=\"elementor-column elementor-col-50 elementor-top-column elementor-element elementor-element-784db815\" data-id=\"784db815\" data-element_type=\"column\">\n\t\t\t<div class=\"elementor-widget-wrap\">\n\t\t\t\t\t\t\t\t\t<\/div>\n\t\t<\/div>\n\t\t\t\t\t\t\t<\/div>\n\t\t<\/section>\n\t\t\t\t<section class=\"elementor-section elementor-top-section elementor-element elementor-element-e80ae1e elementor-section-boxed elementor-section-height-default elementor-section-height-default\" data-id=\"e80ae1e\" data-element_type=\"section\">\n\t\t\t\t\t\t<div class=\"elementor-container elementor-column-gap-default\">\n\t\t\t\t\t<div class=\"elementor-column elementor-col-25 elementor-top-column elementor-element elementor-element-4cadf3c\" data-id=\"4cadf3c\" data-element_type=\"column\">\n\t\t\t<div class=\"elementor-widget-wrap elementor-element-populated\">\n\t\t\t\t\t\t\t\t<div class=\"elementor-element elementor-element-54e2ecd jkit-equal-height-disable elementor-widget elementor-widget-jkit_icon_box\" data-id=\"54e2ecd\" data-element_type=\"widget\" data-widget_type=\"jkit_icon_box.default\">\n\t\t\t\t<div class=\"elementor-widget-container\">\n\t\t\t<div  class=\"jeg-elementor-kit jkit-icon-box icon-position-top elementor-animation- jeg_module___69f2b40fdec18\" ><div class=\"jkit-icon-box-wrapper hover-from-left\"><div class=\"icon-box icon-box-header elementor-animation-\"><div class=\"icon style-color\"><i aria-hidden=\"true\" class=\"jki jki-walking-solid\"><\/i><\/div><\/div><div class=\"icon-box icon-box-body\">\n                <h2 class=\"title\">Turistika<\/h2><p class=\"icon-box-description\">Turistick\u00e9 trasy v okol\u00ed<\/p>\n            <\/div>\n            \n            <div class=hover-watermark>\n                <i aria-hidden=\"true\" class=\"jki jki-search-location-solid\"><\/i>\n            <\/div><\/div><\/div>\t\t<\/div>\n\t\t\t\t<\/div>\n\t\t\t\t\t<\/div>\n\t\t<\/div>\n\t\t\t\t<div class=\"elementor-column elementor-col-25 elementor-top-column elementor-element elementor-element-ae136ad\" data-id=\"ae136ad\" data-element_type=\"column\">\n\t\t\t<div class=\"elementor-widget-wrap elementor-element-populated\">\n\t\t\t\t\t\t\t\t<div class=\"elementor-element elementor-element-eb5200a jkit-equal-height-disable elementor-widget elementor-widget-jkit_icon_box\" data-id=\"eb5200a\" data-element_type=\"widget\" data-widget_type=\"jkit_icon_box.default\">\n\t\t\t\t<div class=\"elementor-widget-container\">\n\t\t\t<div  class=\"jeg-elementor-kit jkit-icon-box icon-position-top elementor-animation- jeg_module__1_69f2b40fdf83b\" ><div class=\"jkit-icon-box-wrapper hover-from-left\"><div class=\"icon-box icon-box-header elementor-animation-\"><div class=\"icon style-color\"><i aria-hidden=\"true\" class=\"jki jki-biking-solid\"><\/i><\/div><\/div><div class=\"icon-box icon-box-body\">\n                <h2 class=\"title\">Cyklotrasy<\/h2><p class=\"icon-box-description\">Spousta cyklotras<\/p>\n            <\/div>\n            \n            <div class=hover-watermark>\n                <i aria-hidden=\"true\" class=\"jki jki-Speed-Clock-light\"><\/i>\n            <\/div><\/div><\/div>\t\t<\/div>\n\t\t\t\t<\/div>\n\t\t\t\t\t<\/div>\n\t\t<\/div>\n\t\t\t\t<div class=\"elementor-column elementor-col-25 elementor-top-column elementor-element elementor-element-3521655\" data-id=\"3521655\" data-element_type=\"column\">\n\t\t\t<div class=\"elementor-widget-wrap elementor-element-populated\">\n\t\t\t\t\t\t\t\t<div class=\"elementor-element elementor-element-6dfbab2 jkit-equal-height-disable elementor-widget elementor-widget-jkit_icon_box\" data-id=\"6dfbab2\" data-element_type=\"widget\" data-widget_type=\"jkit_icon_box.default\">\n\t\t\t\t<div class=\"elementor-widget-container\">\n\t\t\t<div  class=\"jeg-elementor-kit jkit-icon-box icon-position-top elementor-animation- jeg_module__2_69f2b40fe0359\" ><div class=\"jkit-icon-box-wrapper hover-from-left\"><div class=\"icon-box icon-box-header elementor-animation-\"><div class=\"icon style-color\"><i aria-hidden=\"true\" class=\"jki jki-golf-ball-solid\"><\/i><\/div><\/div><div class=\"icon-box icon-box-body\">\n                <h2 class=\"title\">Golf<\/h2><p class=\"icon-box-description\">ve vzd\u00e1lenosti 19km<\/p>\n            <\/div>\n            \n            <div class=hover-watermark>\n                <i aria-hidden=\"true\" class=\"jki jki-search-location-solid\"><\/i>\n            <\/div><\/div><\/div>\t\t<\/div>\n\t\t\t\t<\/div>\n\t\t\t\t\t<\/div>\n\t\t<\/div>\n\t\t\t\t<div class=\"elementor-column elementor-col-25 elementor-top-column elementor-element elementor-element-d3dcf18\" data-id=\"d3dcf18\" data-element_type=\"column\">\n\t\t\t<div class=\"elementor-widget-wrap elementor-element-populated\">\n\t\t\t\t\t\t\t\t<div class=\"elementor-element elementor-element-32ae458 jkit-equal-height-disable elementor-widget elementor-widget-jkit_icon_box\" data-id=\"32ae458\" data-element_type=\"widget\" data-widget_type=\"jkit_icon_box.default\">\n\t\t\t\t<div class=\"elementor-widget-container\">\n\t\t\t<div  class=\"jeg-elementor-kit jkit-icon-box icon-position-top elementor-animation- jeg_module__3_69f2b40fe0ec9\" ><div class=\"jkit-icon-box-wrapper hover-from-left\"><div class=\"icon-box icon-box-header elementor-animation-\"><div class=\"icon style-color\"><i aria-hidden=\"true\" class=\"jki jki-swimmer-solid\"><\/i><\/div><\/div><div class=\"icon-box icon-box-body\">\n                <h2 class=\"title\">P\u0159\u00edrodn\u00ed koup\u00e1n\u00ed<\/h2><p class=\"icon-box-description\">ve vzd\u00e1lenosti 6km<\/p>\n            <\/div>\n            \n            <div class=hover-watermark>\n                <i aria-hidden=\"true\" class=\"jki jki-swimming-pool-solid\"><\/i>\n            <\/div><\/div><\/div>\t\t<\/div>\n\t\t\t\t<\/div>\n\t\t\t\t\t<\/div>\n\t\t<\/div>\n\t\t\t\t\t\t\t<\/div>\n\t\t<\/section>\n\t\t\t\t<section class=\"elementor-section elementor-top-section elementor-element elementor-element-9ae025d elementor-section-boxed elementor-section-height-default elementor-section-height-default\" data-id=\"9ae025d\" data-element_type=\"section\">\n\t\t\t\t\t\t<div class=\"elementor-container elementor-column-gap-default\">\n\t\t\t\t\t<div class=\"elementor-column elementor-col-100 elementor-top-column elementor-element elementor-element-73258c0\" data-id=\"73258c0\" data-element_type=\"column\">\n\t\t\t<div class=\"elementor-widget-wrap elementor-element-populated\">\n\t\t\t\t\t\t\t\t<div class=\"elementor-element elementor-element-151d841 elementor-widget elementor-widget-html\" data-id=\"151d841\" data-element_type=\"widget\" data-widget_type=\"html.default\">\n\t\t\t\t<div class=\"elementor-widget-container\">\n\t\t\t<iframe src=\"https:\/\/www.e-chalupy.cz\/zapadni_cechy\/vylety-turistika-sport\/plasy\/\" style=\"border:0px #ffffff none;\" name=\"myiFrame\" scrolling=\"yes\" frameborder=\"1\" marginheight=\"0px\" marginwidth=\"0px\" height=\"1080px\" width=\"1920px\" allowfullscreen><\/iframe>\t\t<\/div>\n\t\t\t\t<\/div>\n\t\t\t\t\t<\/div>\n\t\t<\/div>\n\t\t\t\t\t\t\t<\/div>\n\t\t<\/section>\n\t\t\t\t\t\t<\/div>\n\t\t\t\t\t<\/div>\n\t\t","protected":false},"excerpt":{"rendered":"<p>Aktivity v okol\u00ed Turistika Turistick\u00e9 trasy v okol\u00ed Cyklotrasy Spousta cyklotras Golf ve vzd\u00e1lenosti 19km P\u0159\u00edrodn\u00ed koup\u00e1n\u00ed ve vzd\u00e1lenosti 6km<\/p>\n","protected":false},"author":1,"featured_media":0,"parent":0,"menu_order":0,"comment_status":"closed","ping_status":"closed","template":"elementor_header_footer","meta":[],"_links":{"self":[{"href":"https:\/\/www.penzionnabarokniceste.cz\/index.php\/wp-json\/wp\/v2\/pages\/232"}],"collection":[{"href":"https:\/\/www.penzionnabarokniceste.cz\/index.php\/wp-json\/wp\/v2\/pages"}],"about":[{"href":"https:\/\/www.penzionnabarokniceste.cz\/index.php\/wp-json\/wp\/v2\/types\/page"}],"author":[{"embeddable":true,"href":"https:\/\/www.penzionnabarokniceste.cz\/index.php\/wp-json\/wp\/v2\/users\/1"}],"replies":[{"embeddable":true,"href":"https:\/\/www.penzionnabarokniceste.cz\/index.php\/wp-json\/wp\/v2\/comments?post=232"}],"version-history":[{"count":16,"href":"https:\/\/www.penzionnabarokniceste.cz\/index.php\/wp-json\/wp\/v2\/pages\/232\/revisions"}],"predecessor-version":[{"id":253,"href":"https:\/\/www.penzionnabarokniceste.cz\/index.php\/wp-json\/wp\/v2\/pages\/232\/revisions\/253"}],"wp:attachment":[{"href":"https:\/\/www.penzionnabarokniceste.cz\/index.php\/wp-json\/wp\/v2\/media?parent=232"}],"curies":[{"name":"wp","href":"https:\/\/api.w.org\/{rel}","templated":true}]}}